{"id":97,"date":"2025-03-03T10:54:56","date_gmt":"2025-03-03T10:54:56","guid":{"rendered":"https:\/\/ibis-istanbul.accorv2prod.decms.eu\/sample-page\/"},"modified":"2025-04-04T10:28:10","modified_gmt":"2025-04-04T10:28:10","slug":"ibis-istanbul-zeytinburnu","status":"publish","type":"page","link":"https:\/\/www.ibisistanbul.com\/tr\/","title":{"rendered":"Ibis \u0130stanbul Zeytinburnu"},"content":{"rendered":"<p style=\"text-align: center;\">Ibis \u0130stanbul Zeytinburnu&#8217;na ho\u015f geldiniz! \u0130stanbul&#8217;un hareketli sahil \u015feridinde konumlanan otelimiz, \u00e7a\u011fda\u015f tasar\u0131m\u0131 ve ger\u00e7ek T\u00fcrk misafirperverli\u011fini bir araya getiriyor, sizi hem tarihi cazibe merkezlerine hem de modern i\u015f merkezlerine kolayca ula\u015fabilece\u011finiz konuma ta\u015f\u0131yor. \u0130yi donat\u0131lm\u0131\u015f odalar\u0131m\u0131z, \u00fccretsiz Wi-Fi ve g\u00fcler y\u00fczl\u00fc personelimizle keyifli ve verimli bir konaklama deneyimi ya\u015fayabilirsiniz. Otelimiz, <a href=\"https:\/\/kapalicarsi.com.tr\/\">Kapal\u0131 \u00c7ar\u015f\u0131<\/a>, <a href=\"http:\/\/www.fatih.gov.tr\/sultan-ahmed-camii\">Sultanahmet Camii<\/a>, <a href=\"https:\/\/ayasofyacamii.gov.tr\/\">Ayasofya<\/a> ve <a href=\"http:\/\/www.fatih.gov.tr\/topkapi-sarayi-muzesi\">Topkap\u0131 Saray\u0131<\/a> gibi \u00f6nemli tarihi mekanlar sadece k\u0131sa bir s\u00fcr\u00fc\u015f mesafesindedir; ayr\u0131ca \u00e7evrede \u00e7ok say\u0131da al\u0131\u015fveri\u015f ve yeme-i\u00e7me se\u00e7ene\u011fi de bulabilirsiniz. \u0130stanbul&#8217;un geleneksel dokusuyla yenilik\u00e7i ruhunu bir arada deneyimlemek i\u00e7in deniz k\u0131y\u0131s\u0131ndaki bu ideal konaklama noktas\u0131 sizleri bekliyor.<\/p>\n","protected":false},"excerpt":{"rendered":"<p>Ibis \u0130stanbul Zeytinburnu&#8217;na ho\u015f geldiniz! \u0130stanbul&#8217;un hareketli sahil \u015feridinde konumlanan otelimiz, \u00e7a\u011fda\u015f tasar\u0131m\u0131 ve ger\u00e7ek T\u00fcrk misafirperverli\u011fini bir araya getiriyor, sizi hem tarihi cazibe merkezlerine hem de modern i\u015f merkezlerine kolayca ula\u015fabilece\u011finiz konuma ta\u015f\u0131yor. \u0130yi donat\u0131lm\u0131\u015f odalar\u0131m\u0131z, \u00fccretsiz Wi-Fi ve g\u00fcler y\u00fczl\u00fc personelimizle keyifli ve verimli bir konaklama deneyimi ya\u015fayabilirsiniz. Otelimiz, Kapal\u0131 \u00c7ar\u015f\u0131, Sultanahmet Camii, [&hellip;]<\/p>\n","protected":false},"author":165,"featured_media":0,"parent":0,"menu_order":0,"comment_status":"closed","ping_status":"closed","template":"","meta":{"footnotes":""},"categories":[],"class_list":["post-97","page","type-page","status-publish","hentry"],"acf":[],"yoast_head":"<!-- This site is optimized with the Yoast SEO plugin v26.9 - https:\/\/yoast.com\/product\/yoast-seo-wordpress\/ -->\n<title>Ibis \u0130stanbul Zeytinburnu-\u0130stanbul&#039;un Tarihi ve Modern Ya\u015fam\u0131na A\u00e7\u0131lan Kap\u0131<\/title>\n<meta name=\"description\" content=\"Ibis \u0130stanbul Zeytinburnu&#039;nda sahil ferahl\u0131\u011f\u0131n\u0131 ve \u00e7a\u011fda\u015f konforu ke\u015ffedin. Tarihi mekanlara ve \u0130stanbul&#039;un canl\u0131 ya\u015fam\u0131na kolay eri\u015fim sa\u011flay\u0131n.\" \/>\n<meta name=\"robots\" content=\"index, follow, max-snippet:-1, max-image-preview:large, max-video-preview:-1\" \/>\n<link rel=\"canonical\" href=\"https:\/\/www.ibisistanbul.com\/tr\/\" \/>\n<meta property=\"og:locale\" content=\"tr_TR\" \/>\n<meta property=\"og:type\" content=\"article\" \/>\n<meta property=\"og:title\" content=\"Ibis \u0130stanbul Zeytinburnu-\u0130stanbul&#039;un Tarihi ve Modern Ya\u015fam\u0131na A\u00e7\u0131lan Kap\u0131\" \/>\n<meta property=\"og:description\" content=\"Ibis \u0130stanbul Zeytinburnu&#039;nda sahil ferahl\u0131\u011f\u0131n\u0131 ve \u00e7a\u011fda\u015f konforu ke\u015ffedin. Tarihi mekanlara ve \u0130stanbul&#039;un canl\u0131 ya\u015fam\u0131na kolay eri\u015fim sa\u011flay\u0131n.\" \/>\n<meta property=\"og:url\" content=\"https:\/\/www.ibisistanbul.com\/tr\/\" \/>\n<meta property=\"og:site_name\" content=\"Ibis \u0130stanbul Zeytinburnu\" \/>\n<meta property=\"article:modified_time\" content=\"2025-04-04T10:28:10+00:00\" \/>\n<meta name=\"twitter:card\" content=\"summary_large_image\" \/>\n<meta name=\"twitter:label1\" content=\"Tahmini okuma s\u00fcresi\" \/>\n\t<meta name=\"twitter:data1\" content=\"1 dakika\" \/>\n<script type=\"application\/ld+json\" class=\"yoast-schema-graph\">{\"@context\":\"https:\/\/schema.org\",\"@graph\":[{\"@type\":\"WebPage\",\"@id\":\"https:\/\/www.ibisistanbul.com\/tr\/\",\"url\":\"https:\/\/www.ibisistanbul.com\/tr\/\",\"name\":\"Ibis \u0130stanbul Zeytinburnu-\u0130stanbul'un Tarihi ve Modern Ya\u015fam\u0131na A\u00e7\u0131lan Kap\u0131\",\"isPartOf\":{\"@id\":\"https:\/\/www.ibisistanbul.com\/#website\"},\"datePublished\":\"2025-03-03T10:54:56+00:00\",\"dateModified\":\"2025-04-04T10:28:10+00:00\",\"description\":\"Ibis \u0130stanbul Zeytinburnu'nda sahil ferahl\u0131\u011f\u0131n\u0131 ve \u00e7a\u011fda\u015f konforu ke\u015ffedin. Tarihi mekanlara ve \u0130stanbul'un canl\u0131 ya\u015fam\u0131na kolay eri\u015fim sa\u011flay\u0131n.\",\"breadcrumb\":{\"@id\":\"https:\/\/www.ibisistanbul.com\/tr\/#breadcrumb\"},\"inLanguage\":\"tr\",\"potentialAction\":[{\"@type\":\"ReadAction\",\"target\":[\"https:\/\/www.ibisistanbul.com\/tr\/\"]}]},{\"@type\":\"BreadcrumbList\",\"@id\":\"https:\/\/www.ibisistanbul.com\/tr\/#breadcrumb\",\"itemListElement\":[{\"@type\":\"ListItem\",\"position\":1,\"name\":\"Home\",\"item\":\"https:\/\/www.ibisistanbul.com\/tr\/\"},{\"@type\":\"ListItem\",\"position\":2,\"name\":\"Ibis \u0130stanbul Zeytinburnu\"}]},{\"@type\":\"WebSite\",\"@id\":\"https:\/\/www.ibisistanbul.com\/#website\",\"url\":\"https:\/\/www.ibisistanbul.com\/\",\"name\":\"Ibis Istanbul Zeytinburnu\",\"description\":\"\",\"potentialAction\":[{\"@type\":\"SearchAction\",\"target\":{\"@type\":\"EntryPoint\",\"urlTemplate\":\"https:\/\/www.ibisistanbul.com\/?s={search_term_string}\"},\"query-input\":{\"@type\":\"PropertyValueSpecification\",\"valueRequired\":true,\"valueName\":\"search_term_string\"}}],\"inLanguage\":\"tr\"}]}<\/script>\n<!-- \/ Yoast SEO plugin. -->","yoast_head_json":{"title":"Ibis \u0130stanbul Zeytinburnu-\u0130stanbul'un Tarihi ve Modern Ya\u015fam\u0131na A\u00e7\u0131lan Kap\u0131","description":"Ibis \u0130stanbul Zeytinburnu'nda sahil ferahl\u0131\u011f\u0131n\u0131 ve \u00e7a\u011fda\u015f konforu ke\u015ffedin. Tarihi mekanlara ve \u0130stanbul'un canl\u0131 ya\u015fam\u0131na kolay eri\u015fim sa\u011flay\u0131n.","robots":{"index":"index","follow":"follow","max-snippet":"max-snippet:-1","max-image-preview":"max-image-preview:large","max-video-preview":"max-video-preview:-1"},"canonical":"https:\/\/www.ibisistanbul.com\/tr\/","og_locale":"tr_TR","og_type":"article","og_title":"Ibis \u0130stanbul Zeytinburnu-\u0130stanbul'un Tarihi ve Modern Ya\u015fam\u0131na A\u00e7\u0131lan Kap\u0131","og_description":"Ibis \u0130stanbul Zeytinburnu'nda sahil ferahl\u0131\u011f\u0131n\u0131 ve \u00e7a\u011fda\u015f konforu ke\u015ffedin. Tarihi mekanlara ve \u0130stanbul'un canl\u0131 ya\u015fam\u0131na kolay eri\u015fim sa\u011flay\u0131n.","og_url":"https:\/\/www.ibisistanbul.com\/tr\/","og_site_name":"Ibis \u0130stanbul Zeytinburnu","article_modified_time":"2025-04-04T10:28:10+00:00","twitter_card":"summary_large_image","twitter_misc":{"Tahmini okuma s\u00fcresi":"1 dakika"},"schema":{"@context":"https:\/\/schema.org","@graph":[{"@type":"WebPage","@id":"https:\/\/www.ibisistanbul.com\/tr\/","url":"https:\/\/www.ibisistanbul.com\/tr\/","name":"Ibis \u0130stanbul Zeytinburnu-\u0130stanbul'un Tarihi ve Modern Ya\u015fam\u0131na A\u00e7\u0131lan Kap\u0131","isPartOf":{"@id":"https:\/\/www.ibisistanbul.com\/#website"},"datePublished":"2025-03-03T10:54:56+00:00","dateModified":"2025-04-04T10:28:10+00:00","description":"Ibis \u0130stanbul Zeytinburnu'nda sahil ferahl\u0131\u011f\u0131n\u0131 ve \u00e7a\u011fda\u015f konforu ke\u015ffedin. Tarihi mekanlara ve \u0130stanbul'un canl\u0131 ya\u015fam\u0131na kolay eri\u015fim sa\u011flay\u0131n.","breadcrumb":{"@id":"https:\/\/www.ibisistanbul.com\/tr\/#breadcrumb"},"inLanguage":"tr","potentialAction":[{"@type":"ReadAction","target":["https:\/\/www.ibisistanbul.com\/tr\/"]}]},{"@type":"BreadcrumbList","@id":"https:\/\/www.ibisistanbul.com\/tr\/#breadcrumb","itemListElement":[{"@type":"ListItem","position":1,"name":"Home","item":"https:\/\/www.ibisistanbul.com\/tr\/"},{"@type":"ListItem","position":2,"name":"Ibis \u0130stanbul Zeytinburnu"}]},{"@type":"WebSite","@id":"https:\/\/www.ibisistanbul.com\/#website","url":"https:\/\/www.ibisistanbul.com\/","name":"Ibis Istanbul Zeytinburnu","description":"","potentialAction":[{"@type":"SearchAction","target":{"@type":"EntryPoint","urlTemplate":"https:\/\/www.ibisistanbul.com\/?s={search_term_string}"},"query-input":{"@type":"PropertyValueSpecification","valueRequired":true,"valueName":"search_term_string"}}],"inLanguage":"tr"}]}},"_links":{"self":[{"href":"https:\/\/www.ibisistanbul.com\/tr\/wp-json\/wp\/v2\/pages\/97","targetHints":{"allow":["GET"]}}],"collection":[{"href":"https:\/\/www.ibisistanbul.com\/tr\/wp-json\/wp\/v2\/pages"}],"about":[{"href":"https:\/\/www.ibisistanbul.com\/tr\/wp-json\/wp\/v2\/types\/page"}],"author":[{"embeddable":true,"href":"https:\/\/www.ibisistanbul.com\/tr\/wp-json\/wp\/v2\/users\/165"}],"replies":[{"embeddable":true,"href":"https:\/\/www.ibisistanbul.com\/tr\/wp-json\/wp\/v2\/comments?post=97"}],"version-history":[{"count":0,"href":"https:\/\/www.ibisistanbul.com\/tr\/wp-json\/wp\/v2\/pages\/97\/revisions"}],"wp:attachment":[{"href":"https:\/\/www.ibisistanbul.com\/tr\/wp-json\/wp\/v2\/media?parent=97"}],"wp:term":[{"taxonomy":"category","embeddable":true,"href":"https:\/\/www.ibisistanbul.com\/tr\/wp-json\/wp\/v2\/categories?post=97"}],"curies":[{"name":"wp","href":"https:\/\/api.w.org\/{rel}","templated":true}]}}