{"id":165,"date":"2025-03-03T15:20:17","date_gmt":"2025-03-03T15:20:17","guid":{"rendered":"https:\/\/ibis-istanbul.accorv2prod.decms.eu\/gallery\/"},"modified":"2025-04-03T15:01:42","modified_gmt":"2025-04-03T15:01:42","slug":"galeri","status":"publish","type":"page","link":"https:\/\/www.ibisistanbul.com\/tr\/galeri\/","title":{"rendered":"Galeri"},"content":{"rendered":"<p style=\"text-align: center;\">\u0130bis \u0130stanbul Zeytinburnu\u2019nun kendine \u00f6zg\u00fc atmosferini ke\u015ffetmek i\u00e7in galerimize g\u00f6z at\u0131n. \u015e\u0131k odalardan etkileyici sahil manzaralar\u0131na kadar her foto\u011fraf, konfor ve rahatl\u0131k anlay\u0131\u015f\u0131m\u0131z\u0131n bir yans\u0131mas\u0131d\u0131r.<\/p>\n","protected":false},"excerpt":{"rendered":"<p>\u0130bis \u0130stanbul Zeytinburnu\u2019nun kendine \u00f6zg\u00fc atmosferini ke\u015ffetmek i\u00e7in galerimize g\u00f6z at\u0131n. \u015e\u0131k odalardan etkileyici sahil manzaralar\u0131na kadar her foto\u011fraf, konfor ve rahatl\u0131k anlay\u0131\u015f\u0131m\u0131z\u0131n bir yans\u0131mas\u0131d\u0131r.<\/p>\n","protected":false},"author":165,"featured_media":0,"parent":0,"menu_order":70,"comment_status":"closed","ping_status":"closed","template":"template-gallery.php","meta":{"footnotes":""},"categories":[],"class_list":["post-165","page","type-page","status-publish","hentry"],"acf":[],"yoast_head":"<!-- This site is optimized with the Yoast SEO plugin v26.9 - https:\/\/yoast.com\/product\/yoast-seo-wordpress\/ -->\n<title>Galeri - Ibis \u0130stanbul Zeytinburnu<\/title>\n<meta name=\"description\" content=\"Ibis \u0130stanbul Zeytinburnu oteline ait g\u00f6rsellere g\u00f6z atabilirsiniz\" \/>\n<meta name=\"robots\" content=\"index, follow, max-snippet:-1, max-image-preview:large, max-video-preview:-1\" \/>\n<link rel=\"canonical\" href=\"https:\/\/www.ibisistanbul.com\/tr\/galeri\/\" \/>\n<meta property=\"og:locale\" content=\"tr_TR\" \/>\n<meta property=\"og:type\" content=\"article\" \/>\n<meta property=\"og:title\" content=\"Galeri - Ibis \u0130stanbul Zeytinburnu\" \/>\n<meta property=\"og:description\" content=\"Ibis \u0130stanbul Zeytinburnu oteline ait g\u00f6rsellere g\u00f6z atabilirsiniz\" \/>\n<meta property=\"og:url\" content=\"https:\/\/www.ibisistanbul.com\/tr\/galeri\/\" \/>\n<meta property=\"og:site_name\" content=\"Ibis \u0130stanbul Zeytinburnu\" \/>\n<meta property=\"article:modified_time\" content=\"2025-04-03T15:01:42+00:00\" \/>\n<meta name=\"twitter:card\" content=\"summary_large_image\" \/>\n<meta name=\"twitter:label1\" content=\"Tahmini okuma s\u00fcresi\" \/>\n\t<meta name=\"twitter:data1\" content=\"1 dakika\" \/>\n<script type=\"application\/ld+json\" class=\"yoast-schema-graph\">{\"@context\":\"https:\/\/schema.org\",\"@graph\":[{\"@type\":\"WebPage\",\"@id\":\"https:\/\/www.ibisistanbul.com\/tr\/galeri\/\",\"url\":\"https:\/\/www.ibisistanbul.com\/tr\/galeri\/\",\"name\":\"Galeri - Ibis \u0130stanbul Zeytinburnu\",\"isPartOf\":{\"@id\":\"https:\/\/www.ibisistanbul.com\/#website\"},\"datePublished\":\"2025-03-03T15:20:17+00:00\",\"dateModified\":\"2025-04-03T15:01:42+00:00\",\"description\":\"Ibis \u0130stanbul Zeytinburnu oteline ait g\u00f6rsellere g\u00f6z atabilirsiniz\",\"breadcrumb\":{\"@id\":\"https:\/\/www.ibisistanbul.com\/tr\/galeri\/#breadcrumb\"},\"inLanguage\":\"tr\",\"potentialAction\":[{\"@type\":\"ReadAction\",\"target\":[\"https:\/\/www.ibisistanbul.com\/tr\/galeri\/\"]}]},{\"@type\":\"BreadcrumbList\",\"@id\":\"https:\/\/www.ibisistanbul.com\/tr\/galeri\/#breadcrumb\",\"itemListElement\":[{\"@type\":\"ListItem\",\"position\":1,\"name\":\"Home\",\"item\":\"https:\/\/www.ibisistanbul.com\/tr\/\"},{\"@type\":\"ListItem\",\"position\":2,\"name\":\"Galeri\"}]},{\"@type\":\"WebSite\",\"@id\":\"https:\/\/www.ibisistanbul.com\/#website\",\"url\":\"https:\/\/www.ibisistanbul.com\/\",\"name\":\"Ibis Istanbul Zeytinburnu\",\"description\":\"\",\"potentialAction\":[{\"@type\":\"SearchAction\",\"target\":{\"@type\":\"EntryPoint\",\"urlTemplate\":\"https:\/\/www.ibisistanbul.com\/?s={search_term_string}\"},\"query-input\":{\"@type\":\"PropertyValueSpecification\",\"valueRequired\":true,\"valueName\":\"search_term_string\"}}],\"inLanguage\":\"tr\"}]}<\/script>\n<!-- \/ Yoast SEO plugin. -->","yoast_head_json":{"title":"Galeri - Ibis \u0130stanbul Zeytinburnu","description":"Ibis \u0130stanbul Zeytinburnu oteline ait g\u00f6rsellere g\u00f6z atabilirsiniz","robots":{"index":"index","follow":"follow","max-snippet":"max-snippet:-1","max-image-preview":"max-image-preview:large","max-video-preview":"max-video-preview:-1"},"canonical":"https:\/\/www.ibisistanbul.com\/tr\/galeri\/","og_locale":"tr_TR","og_type":"article","og_title":"Galeri - Ibis \u0130stanbul Zeytinburnu","og_description":"Ibis \u0130stanbul Zeytinburnu oteline ait g\u00f6rsellere g\u00f6z atabilirsiniz","og_url":"https:\/\/www.ibisistanbul.com\/tr\/galeri\/","og_site_name":"Ibis \u0130stanbul Zeytinburnu","article_modified_time":"2025-04-03T15:01:42+00:00","twitter_card":"summary_large_image","twitter_misc":{"Tahmini okuma s\u00fcresi":"1 dakika"},"schema":{"@context":"https:\/\/schema.org","@graph":[{"@type":"WebPage","@id":"https:\/\/www.ibisistanbul.com\/tr\/galeri\/","url":"https:\/\/www.ibisistanbul.com\/tr\/galeri\/","name":"Galeri - Ibis \u0130stanbul Zeytinburnu","isPartOf":{"@id":"https:\/\/www.ibisistanbul.com\/#website"},"datePublished":"2025-03-03T15:20:17+00:00","dateModified":"2025-04-03T15:01:42+00:00","description":"Ibis \u0130stanbul Zeytinburnu oteline ait g\u00f6rsellere g\u00f6z atabilirsiniz","breadcrumb":{"@id":"https:\/\/www.ibisistanbul.com\/tr\/galeri\/#breadcrumb"},"inLanguage":"tr","potentialAction":[{"@type":"ReadAction","target":["https:\/\/www.ibisistanbul.com\/tr\/galeri\/"]}]},{"@type":"BreadcrumbList","@id":"https:\/\/www.ibisistanbul.com\/tr\/galeri\/#breadcrumb","itemListElement":[{"@type":"ListItem","position":1,"name":"Home","item":"https:\/\/www.ibisistanbul.com\/tr\/"},{"@type":"ListItem","position":2,"name":"Galeri"}]},{"@type":"WebSite","@id":"https:\/\/www.ibisistanbul.com\/#website","url":"https:\/\/www.ibisistanbul.com\/","name":"Ibis Istanbul Zeytinburnu","description":"","potentialAction":[{"@type":"SearchAction","target":{"@type":"EntryPoint","urlTemplate":"https:\/\/www.ibisistanbul.com\/?s={search_term_string}"},"query-input":{"@type":"PropertyValueSpecification","valueRequired":true,"valueName":"search_term_string"}}],"inLanguage":"tr"}]}},"_links":{"self":[{"href":"https:\/\/www.ibisistanbul.com\/tr\/wp-json\/wp\/v2\/pages\/165","targetHints":{"allow":["GET"]}}],"collection":[{"href":"https:\/\/www.ibisistanbul.com\/tr\/wp-json\/wp\/v2\/pages"}],"about":[{"href":"https:\/\/www.ibisistanbul.com\/tr\/wp-json\/wp\/v2\/types\/page"}],"author":[{"embeddable":true,"href":"https:\/\/www.ibisistanbul.com\/tr\/wp-json\/wp\/v2\/users\/165"}],"replies":[{"embeddable":true,"href":"https:\/\/www.ibisistanbul.com\/tr\/wp-json\/wp\/v2\/comments?post=165"}],"version-history":[{"count":0,"href":"https:\/\/www.ibisistanbul.com\/tr\/wp-json\/wp\/v2\/pages\/165\/revisions"}],"wp:attachment":[{"href":"https:\/\/www.ibisistanbul.com\/tr\/wp-json\/wp\/v2\/media?parent=165"}],"wp:term":[{"taxonomy":"category","embeddable":true,"href":"https:\/\/www.ibisistanbul.com\/tr\/wp-json\/wp\/v2\/categories?post=165"}],"curies":[{"name":"wp","href":"https:\/\/api.w.org\/{rel}","templated":true}]}}