{"id":161,"date":"2025-03-03T15:11:47","date_gmt":"2025-03-03T15:11:47","guid":{"rendered":"https:\/\/ibis-istanbul.accorv2prod.decms.eu\/location\/"},"modified":"2025-04-03T14:58:03","modified_gmt":"2025-04-03T14:58:03","slug":"lokasyon","status":"publish","type":"page","link":"https:\/\/www.ibisistanbul.com\/tr\/lokasyon\/","title":{"rendered":"Lokasyon"},"content":{"rendered":"<p style=\"text-align: center;\">\u0130stanbul\u2019un hareketli sahil \u015feridinde konumlanan \u0130bis \u0130stanbul Zeytinburnu, \u00f6nemli ula\u015f\u0131m ba\u011flant\u0131lar\u0131na, tarihi mek\u00e2nlara ve i\u015f merkezlerine yak\u0131nl\u0131\u011f\u0131yla dikkat \u00e7ekiyor. Kapal\u0131\u00e7ar\u015f\u0131 veya Sultanahmet Camii gibi pop\u00fcler noktalara kolayca ula\u015fabilir, \u015fehir merkezi ve \u0130stanbul Havaliman\u0131\u2019na k\u0131sa bir yolculukla eri\u015febilirsiniz.<\/p>\n","protected":false},"excerpt":{"rendered":"<p>\u0130stanbul\u2019un hareketli sahil \u015feridinde konumlanan \u0130bis \u0130stanbul Zeytinburnu, \u00f6nemli ula\u015f\u0131m ba\u011flant\u0131lar\u0131na, tarihi mek\u00e2nlara ve i\u015f merkezlerine yak\u0131nl\u0131\u011f\u0131yla dikkat \u00e7ekiyor. Kapal\u0131\u00e7ar\u015f\u0131 veya Sultanahmet Camii gibi pop\u00fcler noktalara kolayca ula\u015fabilir, \u015fehir merkezi ve \u0130stanbul Havaliman\u0131\u2019na k\u0131sa bir yolculukla eri\u015febilirsiniz.<\/p>\n","protected":false},"author":165,"featured_media":0,"parent":0,"menu_order":50,"comment_status":"closed","ping_status":"closed","template":"template-location.php","meta":{"footnotes":""},"categories":[],"class_list":["post-161","page","type-page","status-publish","hentry"],"acf":[],"yoast_head":"<!-- This site is optimized with the Yoast SEO plugin v26.9 - https:\/\/yoast.com\/product\/yoast-seo-wordpress\/ -->\n<title>Lokasyon - Ibis \u0130stanbul Zeytinburnu<\/title>\n<meta name=\"description\" content=\"\u0130bis \u0130stanbul Zeytinburnu\u2019nda \u0130stanbul\u2019un tarihi noktalar\u0131na kolayca eri\u015fin. Sahil konumu, uygun ula\u015f\u0131m ba\u011flant\u0131lar\u0131 ve samimi bir kar\u015f\u0131lama sizleri bekliyor.\" \/>\n<meta name=\"robots\" content=\"index, follow, max-snippet:-1, max-image-preview:large, max-video-preview:-1\" \/>\n<link rel=\"canonical\" href=\"https:\/\/www.ibisistanbul.com\/tr\/lokasyon\/\" \/>\n<meta property=\"og:locale\" content=\"tr_TR\" \/>\n<meta property=\"og:type\" content=\"article\" \/>\n<meta property=\"og:title\" content=\"Lokasyon - Ibis \u0130stanbul Zeytinburnu\" \/>\n<meta property=\"og:description\" content=\"\u0130bis \u0130stanbul Zeytinburnu\u2019nda \u0130stanbul\u2019un tarihi noktalar\u0131na kolayca eri\u015fin. Sahil konumu, uygun ula\u015f\u0131m ba\u011flant\u0131lar\u0131 ve samimi bir kar\u015f\u0131lama sizleri bekliyor.\" \/>\n<meta property=\"og:url\" content=\"https:\/\/www.ibisistanbul.com\/tr\/lokasyon\/\" \/>\n<meta property=\"og:site_name\" content=\"Ibis \u0130stanbul Zeytinburnu\" \/>\n<meta property=\"article:modified_time\" content=\"2025-04-03T14:58:03+00:00\" \/>\n<meta name=\"twitter:card\" content=\"summary_large_image\" \/>\n<meta name=\"twitter:label1\" content=\"Tahmini okuma s\u00fcresi\" \/>\n\t<meta name=\"twitter:data1\" content=\"1 dakika\" \/>\n<script type=\"application\/ld+json\" class=\"yoast-schema-graph\">{\"@context\":\"https:\/\/schema.org\",\"@graph\":[{\"@type\":\"WebPage\",\"@id\":\"https:\/\/www.ibisistanbul.com\/tr\/lokasyon\/\",\"url\":\"https:\/\/www.ibisistanbul.com\/tr\/lokasyon\/\",\"name\":\"Lokasyon - Ibis \u0130stanbul Zeytinburnu\",\"isPartOf\":{\"@id\":\"https:\/\/www.ibisistanbul.com\/#website\"},\"datePublished\":\"2025-03-03T15:11:47+00:00\",\"dateModified\":\"2025-04-03T14:58:03+00:00\",\"description\":\"\u0130bis \u0130stanbul Zeytinburnu\u2019nda \u0130stanbul\u2019un tarihi noktalar\u0131na kolayca eri\u015fin. Sahil konumu, uygun ula\u015f\u0131m ba\u011flant\u0131lar\u0131 ve samimi bir kar\u015f\u0131lama sizleri bekliyor.\",\"breadcrumb\":{\"@id\":\"https:\/\/www.ibisistanbul.com\/tr\/lokasyon\/#breadcrumb\"},\"inLanguage\":\"tr\",\"potentialAction\":[{\"@type\":\"ReadAction\",\"target\":[\"https:\/\/www.ibisistanbul.com\/tr\/lokasyon\/\"]}]},{\"@type\":\"BreadcrumbList\",\"@id\":\"https:\/\/www.ibisistanbul.com\/tr\/lokasyon\/#breadcrumb\",\"itemListElement\":[{\"@type\":\"ListItem\",\"position\":1,\"name\":\"Home\",\"item\":\"https:\/\/www.ibisistanbul.com\/tr\/\"},{\"@type\":\"ListItem\",\"position\":2,\"name\":\"Lokasyon\"}]},{\"@type\":\"WebSite\",\"@id\":\"https:\/\/www.ibisistanbul.com\/#website\",\"url\":\"https:\/\/www.ibisistanbul.com\/\",\"name\":\"Ibis Istanbul Zeytinburnu\",\"description\":\"\",\"potentialAction\":[{\"@type\":\"SearchAction\",\"target\":{\"@type\":\"EntryPoint\",\"urlTemplate\":\"https:\/\/www.ibisistanbul.com\/?s={search_term_string}\"},\"query-input\":{\"@type\":\"PropertyValueSpecification\",\"valueRequired\":true,\"valueName\":\"search_term_string\"}}],\"inLanguage\":\"tr\"}]}<\/script>\n<!-- \/ Yoast SEO plugin. -->","yoast_head_json":{"title":"Lokasyon - Ibis \u0130stanbul Zeytinburnu","description":"\u0130bis \u0130stanbul Zeytinburnu\u2019nda \u0130stanbul\u2019un tarihi noktalar\u0131na kolayca eri\u015fin. Sahil konumu, uygun ula\u015f\u0131m ba\u011flant\u0131lar\u0131 ve samimi bir kar\u015f\u0131lama sizleri bekliyor.","robots":{"index":"index","follow":"follow","max-snippet":"max-snippet:-1","max-image-preview":"max-image-preview:large","max-video-preview":"max-video-preview:-1"},"canonical":"https:\/\/www.ibisistanbul.com\/tr\/lokasyon\/","og_locale":"tr_TR","og_type":"article","og_title":"Lokasyon - Ibis \u0130stanbul Zeytinburnu","og_description":"\u0130bis \u0130stanbul Zeytinburnu\u2019nda \u0130stanbul\u2019un tarihi noktalar\u0131na kolayca eri\u015fin. Sahil konumu, uygun ula\u015f\u0131m ba\u011flant\u0131lar\u0131 ve samimi bir kar\u015f\u0131lama sizleri bekliyor.","og_url":"https:\/\/www.ibisistanbul.com\/tr\/lokasyon\/","og_site_name":"Ibis \u0130stanbul Zeytinburnu","article_modified_time":"2025-04-03T14:58:03+00:00","twitter_card":"summary_large_image","twitter_misc":{"Tahmini okuma s\u00fcresi":"1 dakika"},"schema":{"@context":"https:\/\/schema.org","@graph":[{"@type":"WebPage","@id":"https:\/\/www.ibisistanbul.com\/tr\/lokasyon\/","url":"https:\/\/www.ibisistanbul.com\/tr\/lokasyon\/","name":"Lokasyon - Ibis \u0130stanbul Zeytinburnu","isPartOf":{"@id":"https:\/\/www.ibisistanbul.com\/#website"},"datePublished":"2025-03-03T15:11:47+00:00","dateModified":"2025-04-03T14:58:03+00:00","description":"\u0130bis \u0130stanbul Zeytinburnu\u2019nda \u0130stanbul\u2019un tarihi noktalar\u0131na kolayca eri\u015fin. Sahil konumu, uygun ula\u015f\u0131m ba\u011flant\u0131lar\u0131 ve samimi bir kar\u015f\u0131lama sizleri bekliyor.","breadcrumb":{"@id":"https:\/\/www.ibisistanbul.com\/tr\/lokasyon\/#breadcrumb"},"inLanguage":"tr","potentialAction":[{"@type":"ReadAction","target":["https:\/\/www.ibisistanbul.com\/tr\/lokasyon\/"]}]},{"@type":"BreadcrumbList","@id":"https:\/\/www.ibisistanbul.com\/tr\/lokasyon\/#breadcrumb","itemListElement":[{"@type":"ListItem","position":1,"name":"Home","item":"https:\/\/www.ibisistanbul.com\/tr\/"},{"@type":"ListItem","position":2,"name":"Lokasyon"}]},{"@type":"WebSite","@id":"https:\/\/www.ibisistanbul.com\/#website","url":"https:\/\/www.ibisistanbul.com\/","name":"Ibis Istanbul Zeytinburnu","description":"","potentialAction":[{"@type":"SearchAction","target":{"@type":"EntryPoint","urlTemplate":"https:\/\/www.ibisistanbul.com\/?s={search_term_string}"},"query-input":{"@type":"PropertyValueSpecification","valueRequired":true,"valueName":"search_term_string"}}],"inLanguage":"tr"}]}},"_links":{"self":[{"href":"https:\/\/www.ibisistanbul.com\/tr\/wp-json\/wp\/v2\/pages\/161","targetHints":{"allow":["GET"]}}],"collection":[{"href":"https:\/\/www.ibisistanbul.com\/tr\/wp-json\/wp\/v2\/pages"}],"about":[{"href":"https:\/\/www.ibisistanbul.com\/tr\/wp-json\/wp\/v2\/types\/page"}],"author":[{"embeddable":true,"href":"https:\/\/www.ibisistanbul.com\/tr\/wp-json\/wp\/v2\/users\/165"}],"replies":[{"embeddable":true,"href":"https:\/\/www.ibisistanbul.com\/tr\/wp-json\/wp\/v2\/comments?post=161"}],"version-history":[{"count":0,"href":"https:\/\/www.ibisistanbul.com\/tr\/wp-json\/wp\/v2\/pages\/161\/revisions"}],"wp:attachment":[{"href":"https:\/\/www.ibisistanbul.com\/tr\/wp-json\/wp\/v2\/media?parent=161"}],"wp:term":[{"taxonomy":"category","embeddable":true,"href":"https:\/\/www.ibisistanbul.com\/tr\/wp-json\/wp\/v2\/categories?post=161"}],"curies":[{"name":"wp","href":"https:\/\/api.w.org\/{rel}","templated":true}]}}