{"id":155,"date":"2025-03-03T14:55:28","date_gmt":"2025-03-03T14:55:28","guid":{"rendered":"https:\/\/ibis-istanbul.accorv2prod.decms.eu\/lobby-bar\/"},"modified":"2025-04-04T09:30:53","modified_gmt":"2025-04-04T09:30:53","slug":"lobby-bar","status":"publish","type":"page","link":"https:\/\/www.ibisistanbul.com\/tr\/lobby-bar\/","title":{"rendered":"Lobby Bar"},"content":{"rendered":"<p style=\"text-align: center;\">The Bar: G\u00fcn\u00fcn her saati bir araya gelip, so\u011fuk veya s\u0131cak i\u00e7eceklerin tad\u0131n\u0131 \u00e7\u0131karmak i\u00e7in samimi ve modern bir yer!<\/p>\n","protected":false},"excerpt":{"rendered":"<p>The Bar: G\u00fcn\u00fcn her saati bir araya gelip, so\u011fuk veya s\u0131cak i\u00e7eceklerin tad\u0131n\u0131 \u00e7\u0131karmak i\u00e7in samimi ve modern bir yer!<\/p>\n","protected":false},"author":165,"featured_media":0,"parent":0,"menu_order":0,"comment_status":"closed","ping_status":"closed","template":"template-restaurant.php","meta":{"footnotes":""},"categories":[],"class_list":["post-155","page","type-page","status-publish","hentry"],"acf":[],"yoast_head":"<!-- This site is optimized with the Yoast SEO plugin v26.9 - https:\/\/yoast.com\/product\/yoast-seo-wordpress\/ -->\n<title>Lobby Bar - Ibis \u0130stanbul Zeytinburnu<\/title>\n<meta name=\"description\" content=\"Ibis \u0130stanbul Zeytinburnu, lobby bar\u0131 g\u00fcn boyu sizlere lezzetli bir deneyim sunmakta.\" \/>\n<meta name=\"robots\" content=\"index, follow, max-snippet:-1, max-image-preview:large, max-video-preview:-1\" \/>\n<link rel=\"canonical\" href=\"https:\/\/www.ibisistanbul.com\/tr\/lobby-bar\/\" \/>\n<meta property=\"og:locale\" content=\"tr_TR\" \/>\n<meta property=\"og:type\" content=\"article\" \/>\n<meta property=\"og:title\" content=\"Lobby Bar - Ibis \u0130stanbul Zeytinburnu\" \/>\n<meta property=\"og:description\" content=\"Ibis \u0130stanbul Zeytinburnu, lobby bar\u0131 g\u00fcn boyu sizlere lezzetli bir deneyim sunmakta.\" \/>\n<meta property=\"og:url\" content=\"https:\/\/www.ibisistanbul.com\/tr\/lobby-bar\/\" \/>\n<meta property=\"og:site_name\" content=\"Ibis \u0130stanbul Zeytinburnu\" \/>\n<meta property=\"article:modified_time\" content=\"2025-04-04T09:30:53+00:00\" \/>\n<meta name=\"twitter:card\" content=\"summary_large_image\" \/>\n<meta name=\"twitter:label1\" content=\"Tahmini okuma s\u00fcresi\" \/>\n\t<meta name=\"twitter:data1\" content=\"1 dakika\" \/>\n<script type=\"application\/ld+json\" class=\"yoast-schema-graph\">{\"@context\":\"https:\/\/schema.org\",\"@graph\":[{\"@type\":\"WebPage\",\"@id\":\"https:\/\/www.ibisistanbul.com\/tr\/lobby-bar\/\",\"url\":\"https:\/\/www.ibisistanbul.com\/tr\/lobby-bar\/\",\"name\":\"Lobby Bar - Ibis \u0130stanbul Zeytinburnu\",\"isPartOf\":{\"@id\":\"https:\/\/www.ibisistanbul.com\/#website\"},\"datePublished\":\"2025-03-03T14:55:28+00:00\",\"dateModified\":\"2025-04-04T09:30:53+00:00\",\"description\":\"Ibis \u0130stanbul Zeytinburnu, lobby bar\u0131 g\u00fcn boyu sizlere lezzetli bir deneyim sunmakta.\",\"breadcrumb\":{\"@id\":\"https:\/\/www.ibisistanbul.com\/tr\/lobby-bar\/#breadcrumb\"},\"inLanguage\":\"tr\",\"potentialAction\":[{\"@type\":\"ReadAction\",\"target\":[\"https:\/\/www.ibisistanbul.com\/tr\/lobby-bar\/\"]}]},{\"@type\":\"BreadcrumbList\",\"@id\":\"https:\/\/www.ibisistanbul.com\/tr\/lobby-bar\/#breadcrumb\",\"itemListElement\":[{\"@type\":\"ListItem\",\"position\":1,\"name\":\"Home\",\"item\":\"https:\/\/www.ibisistanbul.com\/tr\/\"},{\"@type\":\"ListItem\",\"position\":2,\"name\":\"Lobby Bar\"}]},{\"@type\":\"WebSite\",\"@id\":\"https:\/\/www.ibisistanbul.com\/#website\",\"url\":\"https:\/\/www.ibisistanbul.com\/\",\"name\":\"Ibis Istanbul Zeytinburnu\",\"description\":\"\",\"potentialAction\":[{\"@type\":\"SearchAction\",\"target\":{\"@type\":\"EntryPoint\",\"urlTemplate\":\"https:\/\/www.ibisistanbul.com\/?s={search_term_string}\"},\"query-input\":{\"@type\":\"PropertyValueSpecification\",\"valueRequired\":true,\"valueName\":\"search_term_string\"}}],\"inLanguage\":\"tr\"}]}<\/script>\n<!-- \/ Yoast SEO plugin. -->","yoast_head_json":{"title":"Lobby Bar - Ibis \u0130stanbul Zeytinburnu","description":"Ibis \u0130stanbul Zeytinburnu, lobby bar\u0131 g\u00fcn boyu sizlere lezzetli bir deneyim sunmakta.","robots":{"index":"index","follow":"follow","max-snippet":"max-snippet:-1","max-image-preview":"max-image-preview:large","max-video-preview":"max-video-preview:-1"},"canonical":"https:\/\/www.ibisistanbul.com\/tr\/lobby-bar\/","og_locale":"tr_TR","og_type":"article","og_title":"Lobby Bar - Ibis \u0130stanbul Zeytinburnu","og_description":"Ibis \u0130stanbul Zeytinburnu, lobby bar\u0131 g\u00fcn boyu sizlere lezzetli bir deneyim sunmakta.","og_url":"https:\/\/www.ibisistanbul.com\/tr\/lobby-bar\/","og_site_name":"Ibis \u0130stanbul Zeytinburnu","article_modified_time":"2025-04-04T09:30:53+00:00","twitter_card":"summary_large_image","twitter_misc":{"Tahmini okuma s\u00fcresi":"1 dakika"},"schema":{"@context":"https:\/\/schema.org","@graph":[{"@type":"WebPage","@id":"https:\/\/www.ibisistanbul.com\/tr\/lobby-bar\/","url":"https:\/\/www.ibisistanbul.com\/tr\/lobby-bar\/","name":"Lobby Bar - Ibis \u0130stanbul Zeytinburnu","isPartOf":{"@id":"https:\/\/www.ibisistanbul.com\/#website"},"datePublished":"2025-03-03T14:55:28+00:00","dateModified":"2025-04-04T09:30:53+00:00","description":"Ibis \u0130stanbul Zeytinburnu, lobby bar\u0131 g\u00fcn boyu sizlere lezzetli bir deneyim sunmakta.","breadcrumb":{"@id":"https:\/\/www.ibisistanbul.com\/tr\/lobby-bar\/#breadcrumb"},"inLanguage":"tr","potentialAction":[{"@type":"ReadAction","target":["https:\/\/www.ibisistanbul.com\/tr\/lobby-bar\/"]}]},{"@type":"BreadcrumbList","@id":"https:\/\/www.ibisistanbul.com\/tr\/lobby-bar\/#breadcrumb","itemListElement":[{"@type":"ListItem","position":1,"name":"Home","item":"https:\/\/www.ibisistanbul.com\/tr\/"},{"@type":"ListItem","position":2,"name":"Lobby Bar"}]},{"@type":"WebSite","@id":"https:\/\/www.ibisistanbul.com\/#website","url":"https:\/\/www.ibisistanbul.com\/","name":"Ibis Istanbul Zeytinburnu","description":"","potentialAction":[{"@type":"SearchAction","target":{"@type":"EntryPoint","urlTemplate":"https:\/\/www.ibisistanbul.com\/?s={search_term_string}"},"query-input":{"@type":"PropertyValueSpecification","valueRequired":true,"valueName":"search_term_string"}}],"inLanguage":"tr"}]}},"_links":{"self":[{"href":"https:\/\/www.ibisistanbul.com\/tr\/wp-json\/wp\/v2\/pages\/155","targetHints":{"allow":["GET"]}}],"collection":[{"href":"https:\/\/www.ibisistanbul.com\/tr\/wp-json\/wp\/v2\/pages"}],"about":[{"href":"https:\/\/www.ibisistanbul.com\/tr\/wp-json\/wp\/v2\/types\/page"}],"author":[{"embeddable":true,"href":"https:\/\/www.ibisistanbul.com\/tr\/wp-json\/wp\/v2\/users\/165"}],"replies":[{"embeddable":true,"href":"https:\/\/www.ibisistanbul.com\/tr\/wp-json\/wp\/v2\/comments?post=155"}],"version-history":[{"count":0,"href":"https:\/\/www.ibisistanbul.com\/tr\/wp-json\/wp\/v2\/pages\/155\/revisions"}],"wp:attachment":[{"href":"https:\/\/www.ibisistanbul.com\/tr\/wp-json\/wp\/v2\/media?parent=155"}],"wp:term":[{"taxonomy":"category","embeddable":true,"href":"https:\/\/www.ibisistanbul.com\/tr\/wp-json\/wp\/v2\/categories?post=155"}],"curies":[{"name":"wp","href":"https:\/\/api.w.org\/{rel}","templated":true}]}}