{"id":154,"date":"2025-03-03T14:51:47","date_gmt":"2025-03-03T14:51:47","guid":{"rendered":"https:\/\/ibis-istanbul.accorv2prod.decms.eu\/ibis-restaurant\/"},"modified":"2025-04-15T15:31:40","modified_gmt":"2025-04-15T15:31:40","slug":"ibis-restaurant","status":"publish","type":"page","link":"https:\/\/www.ibisistanbul.com\/tr\/ibis-restaurant\/","title":{"rendered":"Ibis Restaurant"},"content":{"rendered":"<p style=\"text-align: center;\">Uluslararas\u0131 ve yerel mutfaklardan herkesin damak zevkine hitap eden lezzetler! Gen\u00e7, enerjik ve dinamik bir atmosfer \u2013 i\u015fte ibis Restaurant!<\/p>\n","protected":false},"excerpt":{"rendered":"<p>Uluslararas\u0131 ve yerel mutfaklardan herkesin damak zevkine hitap eden lezzetler! Gen\u00e7, enerjik ve dinamik bir atmosfer \u2013 i\u015fte ibis Restaurant!<\/p>\n","protected":false},"author":165,"featured_media":0,"parent":0,"menu_order":0,"comment_status":"closed","ping_status":"closed","template":"template-restaurant.php","meta":{"footnotes":""},"categories":[],"class_list":["post-154","page","type-page","status-publish","hentry"],"acf":[],"yoast_head":"<!-- This site is optimized with the Yoast SEO plugin v26.9 - https:\/\/yoast.com\/product\/yoast-seo-wordpress\/ -->\n<title>Ibis Restaurant - Ibis \u0130stanbul Zeytinburnu<\/title>\n<meta name=\"description\" content=\"Ibis \u0130stanbul Zeytinburnu, restorant\u0131 g\u00fcn boyu sizlere lezzetli bir deneyim sunmakta.\" \/>\n<meta name=\"robots\" content=\"index, follow, max-snippet:-1, max-image-preview:large, max-video-preview:-1\" \/>\n<link rel=\"canonical\" href=\"https:\/\/www.ibisistanbul.com\/tr\/ibis-restaurant\/\" \/>\n<meta property=\"og:locale\" content=\"tr_TR\" \/>\n<meta property=\"og:type\" content=\"article\" \/>\n<meta property=\"og:title\" content=\"Ibis Restaurant - Ibis \u0130stanbul Zeytinburnu\" \/>\n<meta property=\"og:description\" content=\"Ibis \u0130stanbul Zeytinburnu, restorant\u0131 g\u00fcn boyu sizlere lezzetli bir deneyim sunmakta.\" \/>\n<meta property=\"og:url\" content=\"https:\/\/www.ibisistanbul.com\/tr\/ibis-restaurant\/\" \/>\n<meta property=\"og:site_name\" content=\"Ibis \u0130stanbul Zeytinburnu\" \/>\n<meta property=\"article:modified_time\" content=\"2025-04-15T15:31:40+00:00\" \/>\n<meta name=\"twitter:card\" content=\"summary_large_image\" \/>\n<meta name=\"twitter:label1\" content=\"Tahmini okuma s\u00fcresi\" \/>\n\t<meta name=\"twitter:data1\" content=\"1 dakika\" \/>\n<script type=\"application\/ld+json\" class=\"yoast-schema-graph\">{\"@context\":\"https:\/\/schema.org\",\"@graph\":[{\"@type\":\"WebPage\",\"@id\":\"https:\/\/www.ibisistanbul.com\/tr\/ibis-restaurant\/\",\"url\":\"https:\/\/www.ibisistanbul.com\/tr\/ibis-restaurant\/\",\"name\":\"Ibis Restaurant - Ibis \u0130stanbul Zeytinburnu\",\"isPartOf\":{\"@id\":\"https:\/\/www.ibisistanbul.com\/#website\"},\"datePublished\":\"2025-03-03T14:51:47+00:00\",\"dateModified\":\"2025-04-15T15:31:40+00:00\",\"description\":\"Ibis \u0130stanbul Zeytinburnu, restorant\u0131 g\u00fcn boyu sizlere lezzetli bir deneyim sunmakta.\",\"breadcrumb\":{\"@id\":\"https:\/\/www.ibisistanbul.com\/tr\/ibis-restaurant\/#breadcrumb\"},\"inLanguage\":\"tr\",\"potentialAction\":[{\"@type\":\"ReadAction\",\"target\":[\"https:\/\/www.ibisistanbul.com\/tr\/ibis-restaurant\/\"]}]},{\"@type\":\"BreadcrumbList\",\"@id\":\"https:\/\/www.ibisistanbul.com\/tr\/ibis-restaurant\/#breadcrumb\",\"itemListElement\":[{\"@type\":\"ListItem\",\"position\":1,\"name\":\"Home\",\"item\":\"https:\/\/www.ibisistanbul.com\/tr\/\"},{\"@type\":\"ListItem\",\"position\":2,\"name\":\"Ibis Restaurant\"}]},{\"@type\":\"WebSite\",\"@id\":\"https:\/\/www.ibisistanbul.com\/#website\",\"url\":\"https:\/\/www.ibisistanbul.com\/\",\"name\":\"Ibis Istanbul Zeytinburnu\",\"description\":\"\",\"potentialAction\":[{\"@type\":\"SearchAction\",\"target\":{\"@type\":\"EntryPoint\",\"urlTemplate\":\"https:\/\/www.ibisistanbul.com\/?s={search_term_string}\"},\"query-input\":{\"@type\":\"PropertyValueSpecification\",\"valueRequired\":true,\"valueName\":\"search_term_string\"}}],\"inLanguage\":\"tr\"}]}<\/script>\n<!-- \/ Yoast SEO plugin. -->","yoast_head_json":{"title":"Ibis Restaurant - Ibis \u0130stanbul Zeytinburnu","description":"Ibis \u0130stanbul Zeytinburnu, restorant\u0131 g\u00fcn boyu sizlere lezzetli bir deneyim sunmakta.","robots":{"index":"index","follow":"follow","max-snippet":"max-snippet:-1","max-image-preview":"max-image-preview:large","max-video-preview":"max-video-preview:-1"},"canonical":"https:\/\/www.ibisistanbul.com\/tr\/ibis-restaurant\/","og_locale":"tr_TR","og_type":"article","og_title":"Ibis Restaurant - Ibis \u0130stanbul Zeytinburnu","og_description":"Ibis \u0130stanbul Zeytinburnu, restorant\u0131 g\u00fcn boyu sizlere lezzetli bir deneyim sunmakta.","og_url":"https:\/\/www.ibisistanbul.com\/tr\/ibis-restaurant\/","og_site_name":"Ibis \u0130stanbul Zeytinburnu","article_modified_time":"2025-04-15T15:31:40+00:00","twitter_card":"summary_large_image","twitter_misc":{"Tahmini okuma s\u00fcresi":"1 dakika"},"schema":{"@context":"https:\/\/schema.org","@graph":[{"@type":"WebPage","@id":"https:\/\/www.ibisistanbul.com\/tr\/ibis-restaurant\/","url":"https:\/\/www.ibisistanbul.com\/tr\/ibis-restaurant\/","name":"Ibis Restaurant - Ibis \u0130stanbul Zeytinburnu","isPartOf":{"@id":"https:\/\/www.ibisistanbul.com\/#website"},"datePublished":"2025-03-03T14:51:47+00:00","dateModified":"2025-04-15T15:31:40+00:00","description":"Ibis \u0130stanbul Zeytinburnu, restorant\u0131 g\u00fcn boyu sizlere lezzetli bir deneyim sunmakta.","breadcrumb":{"@id":"https:\/\/www.ibisistanbul.com\/tr\/ibis-restaurant\/#breadcrumb"},"inLanguage":"tr","potentialAction":[{"@type":"ReadAction","target":["https:\/\/www.ibisistanbul.com\/tr\/ibis-restaurant\/"]}]},{"@type":"BreadcrumbList","@id":"https:\/\/www.ibisistanbul.com\/tr\/ibis-restaurant\/#breadcrumb","itemListElement":[{"@type":"ListItem","position":1,"name":"Home","item":"https:\/\/www.ibisistanbul.com\/tr\/"},{"@type":"ListItem","position":2,"name":"Ibis Restaurant"}]},{"@type":"WebSite","@id":"https:\/\/www.ibisistanbul.com\/#website","url":"https:\/\/www.ibisistanbul.com\/","name":"Ibis Istanbul Zeytinburnu","description":"","potentialAction":[{"@type":"SearchAction","target":{"@type":"EntryPoint","urlTemplate":"https:\/\/www.ibisistanbul.com\/?s={search_term_string}"},"query-input":{"@type":"PropertyValueSpecification","valueRequired":true,"valueName":"search_term_string"}}],"inLanguage":"tr"}]}},"_links":{"self":[{"href":"https:\/\/www.ibisistanbul.com\/tr\/wp-json\/wp\/v2\/pages\/154","targetHints":{"allow":["GET"]}}],"collection":[{"href":"https:\/\/www.ibisistanbul.com\/tr\/wp-json\/wp\/v2\/pages"}],"about":[{"href":"https:\/\/www.ibisistanbul.com\/tr\/wp-json\/wp\/v2\/types\/page"}],"author":[{"embeddable":true,"href":"https:\/\/www.ibisistanbul.com\/tr\/wp-json\/wp\/v2\/users\/165"}],"replies":[{"embeddable":true,"href":"https:\/\/www.ibisistanbul.com\/tr\/wp-json\/wp\/v2\/comments?post=154"}],"version-history":[{"count":0,"href":"https:\/\/www.ibisistanbul.com\/tr\/wp-json\/wp\/v2\/pages\/154\/revisions"}],"wp:attachment":[{"href":"https:\/\/www.ibisistanbul.com\/tr\/wp-json\/wp\/v2\/media?parent=154"}],"wp:term":[{"taxonomy":"category","embeddable":true,"href":"https:\/\/www.ibisistanbul.com\/tr\/wp-json\/wp\/v2\/categories?post=154"}],"curies":[{"name":"wp","href":"https:\/\/api.w.org\/{rel}","templated":true}]}}