{"id":139,"date":"2025-03-03T14:34:12","date_gmt":"2025-03-03T14:34:12","guid":{"rendered":"https:\/\/ibis-istanbul.accorv2prod.decms.eu\/odalarimiz\/standard-double-room\/"},"modified":"2025-04-03T14:23:29","modified_gmt":"2025-04-03T14:23:29","slug":"standart-cift-kisilik-yatakli-oda","status":"publish","type":"page","link":"https:\/\/www.ibisistanbul.com\/tr\/odalarimiz\/standart-cift-kisilik-yatakli-oda\/","title":{"rendered":"Standart, \u00c7ift Ki\u015filik Yatakl\u0131 Oda"},"content":{"rendered":"<p style=\"text-align: center;\">Yeni Sweet Bed by ibis yatak tak\u0131m\u0131yla donat\u0131lm\u0131\u015f yeni ibis odas\u0131 en \u00fcst d\u00fczeyde konfor sunuyor: b\u00fcy\u00fck \u00e7ift ki\u015filik yatak, \u00e7al\u0131\u015fma masas\u0131, internet, parke zemin, en iyi kanallar\u0131 i\u00e7eren LCD d\u00fcz ekran TV ve du\u015flu banyo.<\/p>\n","protected":false},"excerpt":{"rendered":"<p>Yeni Sweet Bed by ibis yatak tak\u0131m\u0131yla donat\u0131lm\u0131\u015f yeni ibis odas\u0131 en \u00fcst d\u00fczeyde konfor sunuyor: b\u00fcy\u00fck \u00e7ift ki\u015filik yatak, \u00e7al\u0131\u015fma masas\u0131, internet, parke zemin, en iyi kanallar\u0131 i\u00e7eren LCD d\u00fcz ekran TV ve du\u015flu banyo.<\/p>\n","protected":false},"author":165,"featured_media":0,"parent":134,"menu_order":0,"comment_status":"closed","ping_status":"closed","template":"template-room.php","meta":{"footnotes":""},"categories":[],"class_list":["post-139","page","type-page","status-publish","hentry"],"acf":[],"yoast_head":"<!-- This site is optimized with the Yoast SEO plugin v26.9 - https:\/\/yoast.com\/product\/yoast-seo-wordpress\/ -->\n<title>Standart, \u00c7ift Ki\u015filik Yatakl\u0131 Oda - Ibis Istanbul Zeytinburnu<\/title>\n<meta name=\"description\" content=\"Ibis \u0130stanbul Zeytinburnu&#039;nun konforlu odalar\u0131nda en iyi fiyat garantisi ile konaklay\u0131n.\" \/>\n<meta name=\"robots\" content=\"index, follow, max-snippet:-1, max-image-preview:large, max-video-preview:-1\" \/>\n<link rel=\"canonical\" href=\"https:\/\/www.ibisistanbul.com\/tr\/odalarimiz\/standart-cift-kisilik-yatakli-oda\/\" \/>\n<meta property=\"og:locale\" content=\"tr_TR\" \/>\n<meta property=\"og:type\" content=\"article\" \/>\n<meta property=\"og:title\" content=\"Standart, \u00c7ift Ki\u015filik Yatakl\u0131 Oda - Ibis Istanbul Zeytinburnu\" \/>\n<meta property=\"og:description\" content=\"Ibis \u0130stanbul Zeytinburnu&#039;nun konforlu odalar\u0131nda en iyi fiyat garantisi ile konaklay\u0131n.\" \/>\n<meta property=\"og:url\" content=\"https:\/\/www.ibisistanbul.com\/tr\/odalarimiz\/standart-cift-kisilik-yatakli-oda\/\" \/>\n<meta property=\"og:site_name\" content=\"Ibis \u0130stanbul Zeytinburnu\" \/>\n<meta property=\"article:modified_time\" content=\"2025-04-03T14:23:29+00:00\" \/>\n<meta name=\"twitter:card\" content=\"summary_large_image\" \/>\n<meta name=\"twitter:label1\" content=\"Tahmini okuma s\u00fcresi\" \/>\n\t<meta name=\"twitter:data1\" content=\"1 dakika\" \/>\n<script type=\"application\/ld+json\" class=\"yoast-schema-graph\">{\"@context\":\"https:\/\/schema.org\",\"@graph\":[{\"@type\":\"WebPage\",\"@id\":\"https:\/\/www.ibisistanbul.com\/tr\/odalarimiz\/standart-cift-kisilik-yatakli-oda\/\",\"url\":\"https:\/\/www.ibisistanbul.com\/tr\/odalarimiz\/standart-cift-kisilik-yatakli-oda\/\",\"name\":\"Standart, \u00c7ift Ki\u015filik Yatakl\u0131 Oda - Ibis Istanbul Zeytinburnu\",\"isPartOf\":{\"@id\":\"https:\/\/www.ibisistanbul.com\/#website\"},\"datePublished\":\"2025-03-03T14:34:12+00:00\",\"dateModified\":\"2025-04-03T14:23:29+00:00\",\"description\":\"Ibis \u0130stanbul Zeytinburnu'nun konforlu odalar\u0131nda en iyi fiyat garantisi ile konaklay\u0131n.\",\"breadcrumb\":{\"@id\":\"https:\/\/www.ibisistanbul.com\/tr\/odalarimiz\/standart-cift-kisilik-yatakli-oda\/#breadcrumb\"},\"inLanguage\":\"tr\",\"potentialAction\":[{\"@type\":\"ReadAction\",\"target\":[\"https:\/\/www.ibisistanbul.com\/tr\/odalarimiz\/standart-cift-kisilik-yatakli-oda\/\"]}]},{\"@type\":\"BreadcrumbList\",\"@id\":\"https:\/\/www.ibisistanbul.com\/tr\/odalarimiz\/standart-cift-kisilik-yatakli-oda\/#breadcrumb\",\"itemListElement\":[{\"@type\":\"ListItem\",\"position\":1,\"name\":\"Home\",\"item\":\"https:\/\/www.ibisistanbul.com\/tr\/\"},{\"@type\":\"ListItem\",\"position\":2,\"name\":\"Odalar\u0131m\u0131z\",\"item\":\"https:\/\/www.ibisistanbul.com\/tr\/our-rooms\/\"},{\"@type\":\"ListItem\",\"position\":3,\"name\":\"Standart, \u00c7ift Ki\u015filik Yatakl\u0131 Oda\"}]},{\"@type\":\"WebSite\",\"@id\":\"https:\/\/www.ibisistanbul.com\/#website\",\"url\":\"https:\/\/www.ibisistanbul.com\/\",\"name\":\"Ibis Istanbul Zeytinburnu\",\"description\":\"\",\"potentialAction\":[{\"@type\":\"SearchAction\",\"target\":{\"@type\":\"EntryPoint\",\"urlTemplate\":\"https:\/\/www.ibisistanbul.com\/?s={search_term_string}\"},\"query-input\":{\"@type\":\"PropertyValueSpecification\",\"valueRequired\":true,\"valueName\":\"search_term_string\"}}],\"inLanguage\":\"tr\"}]}<\/script>\n<!-- \/ Yoast SEO plugin. -->","yoast_head_json":{"title":"Standart, \u00c7ift Ki\u015filik Yatakl\u0131 Oda - Ibis Istanbul Zeytinburnu","description":"Ibis \u0130stanbul Zeytinburnu'nun konforlu odalar\u0131nda en iyi fiyat garantisi ile konaklay\u0131n.","robots":{"index":"index","follow":"follow","max-snippet":"max-snippet:-1","max-image-preview":"max-image-preview:large","max-video-preview":"max-video-preview:-1"},"canonical":"https:\/\/www.ibisistanbul.com\/tr\/odalarimiz\/standart-cift-kisilik-yatakli-oda\/","og_locale":"tr_TR","og_type":"article","og_title":"Standart, \u00c7ift Ki\u015filik Yatakl\u0131 Oda - Ibis Istanbul Zeytinburnu","og_description":"Ibis \u0130stanbul Zeytinburnu'nun konforlu odalar\u0131nda en iyi fiyat garantisi ile konaklay\u0131n.","og_url":"https:\/\/www.ibisistanbul.com\/tr\/odalarimiz\/standart-cift-kisilik-yatakli-oda\/","og_site_name":"Ibis \u0130stanbul Zeytinburnu","article_modified_time":"2025-04-03T14:23:29+00:00","twitter_card":"summary_large_image","twitter_misc":{"Tahmini okuma s\u00fcresi":"1 dakika"},"schema":{"@context":"https:\/\/schema.org","@graph":[{"@type":"WebPage","@id":"https:\/\/www.ibisistanbul.com\/tr\/odalarimiz\/standart-cift-kisilik-yatakli-oda\/","url":"https:\/\/www.ibisistanbul.com\/tr\/odalarimiz\/standart-cift-kisilik-yatakli-oda\/","name":"Standart, \u00c7ift Ki\u015filik Yatakl\u0131 Oda - Ibis Istanbul Zeytinburnu","isPartOf":{"@id":"https:\/\/www.ibisistanbul.com\/#website"},"datePublished":"2025-03-03T14:34:12+00:00","dateModified":"2025-04-03T14:23:29+00:00","description":"Ibis \u0130stanbul Zeytinburnu'nun konforlu odalar\u0131nda en iyi fiyat garantisi ile konaklay\u0131n.","breadcrumb":{"@id":"https:\/\/www.ibisistanbul.com\/tr\/odalarimiz\/standart-cift-kisilik-yatakli-oda\/#breadcrumb"},"inLanguage":"tr","potentialAction":[{"@type":"ReadAction","target":["https:\/\/www.ibisistanbul.com\/tr\/odalarimiz\/standart-cift-kisilik-yatakli-oda\/"]}]},{"@type":"BreadcrumbList","@id":"https:\/\/www.ibisistanbul.com\/tr\/odalarimiz\/standart-cift-kisilik-yatakli-oda\/#breadcrumb","itemListElement":[{"@type":"ListItem","position":1,"name":"Home","item":"https:\/\/www.ibisistanbul.com\/tr\/"},{"@type":"ListItem","position":2,"name":"Odalar\u0131m\u0131z","item":"https:\/\/www.ibisistanbul.com\/tr\/our-rooms\/"},{"@type":"ListItem","position":3,"name":"Standart, \u00c7ift Ki\u015filik Yatakl\u0131 Oda"}]},{"@type":"WebSite","@id":"https:\/\/www.ibisistanbul.com\/#website","url":"https:\/\/www.ibisistanbul.com\/","name":"Ibis Istanbul Zeytinburnu","description":"","potentialAction":[{"@type":"SearchAction","target":{"@type":"EntryPoint","urlTemplate":"https:\/\/www.ibisistanbul.com\/?s={search_term_string}"},"query-input":{"@type":"PropertyValueSpecification","valueRequired":true,"valueName":"search_term_string"}}],"inLanguage":"tr"}]}},"_links":{"self":[{"href":"https:\/\/www.ibisistanbul.com\/tr\/wp-json\/wp\/v2\/pages\/139","targetHints":{"allow":["GET"]}}],"collection":[{"href":"https:\/\/www.ibisistanbul.com\/tr\/wp-json\/wp\/v2\/pages"}],"about":[{"href":"https:\/\/www.ibisistanbul.com\/tr\/wp-json\/wp\/v2\/types\/page"}],"author":[{"embeddable":true,"href":"https:\/\/www.ibisistanbul.com\/tr\/wp-json\/wp\/v2\/users\/165"}],"replies":[{"embeddable":true,"href":"https:\/\/www.ibisistanbul.com\/tr\/wp-json\/wp\/v2\/comments?post=139"}],"version-history":[{"count":0,"href":"https:\/\/www.ibisistanbul.com\/tr\/wp-json\/wp\/v2\/pages\/139\/revisions"}],"up":[{"embeddable":true,"href":"https:\/\/www.ibisistanbul.com\/tr\/wp-json\/wp\/v2\/pages\/134"}],"wp:attachment":[{"href":"https:\/\/www.ibisistanbul.com\/tr\/wp-json\/wp\/v2\/media?parent=139"}],"wp:term":[{"taxonomy":"category","embeddable":true,"href":"https:\/\/www.ibisistanbul.com\/tr\/wp-json\/wp\/v2\/categories?post=139"}],"curies":[{"name":"wp","href":"https:\/\/api.w.org\/{rel}","templated":true}]}}