{"id":134,"date":"2025-03-03T11:12:31","date_gmt":"2025-03-03T11:12:31","guid":{"rendered":"https:\/\/ibis-istanbul.accorv2prod.decms.eu\/our-rooms\/"},"modified":"2025-04-03T13:25:33","modified_gmt":"2025-04-03T13:25:33","slug":"odalarimiz","status":"publish","type":"page","link":"https:\/\/www.ibisistanbul.com\/tr\/odalarimiz\/","title":{"rendered":"Odalar\u0131m\u0131z"},"content":{"rendered":"<p style=\"text-align: center;\">\u0130bis \u0130stanbul Zeytinburnu\u2019ndaki odalar\u0131m\u0131z, modern tasar\u0131m ile konforu bir araya getirerek, ister i\u015f ister tatil ama\u00e7l\u0131 seyahat ediyor olun, kendinizi evinizde hissetmenizi sa\u011flar. Her oda, yumu\u015fak yataklar, \u00fccretsiz Wi-Fi ve \u00f6zel \u00e7al\u0131\u015fma alan\u0131 gibi olanaklarla konaklaman\u0131z\u0131 hem keyifli hem de verimli hale getirir.<\/p>\n","protected":false},"excerpt":{"rendered":"<p>\u0130bis \u0130stanbul Zeytinburnu\u2019ndaki odalar\u0131m\u0131z, modern tasar\u0131m ile konforu bir araya getirerek, ister i\u015f ister tatil ama\u00e7l\u0131 seyahat ediyor olun, kendinizi evinizde hissetmenizi sa\u011flar. Her oda, yumu\u015fak yataklar, \u00fccretsiz Wi-Fi ve \u00f6zel \u00e7al\u0131\u015fma alan\u0131 gibi olanaklarla konaklaman\u0131z\u0131 hem keyifli hem de verimli hale getirir.<\/p>\n","protected":false},"author":26,"featured_media":0,"parent":0,"menu_order":10,"comment_status":"closed","ping_status":"closed","template":"template-rooms.php","meta":{"footnotes":""},"categories":[],"class_list":["post-134","page","type-page","status-publish","hentry"],"acf":[],"yoast_head":"<!-- This site is optimized with the Yoast SEO plugin v26.9 - https:\/\/yoast.com\/product\/yoast-seo-wordpress\/ -->\n<title>Ibis \u0130stanbul Zeytinburnu - Odalar\u0131m\u0131z<\/title>\n<meta name=\"description\" content=\"\u0130bis \u0130stanbul Zeytinburnu\u2019nda \u015f\u0131k odalarda konaklay\u0131n, \u0130stanbul\u2019un tarihi ve modern noktalar\u0131na kolayca ula\u015f\u0131n.\" \/>\n<meta name=\"robots\" content=\"index, follow, max-snippet:-1, max-image-preview:large, max-video-preview:-1\" \/>\n<link rel=\"canonical\" href=\"https:\/\/www.ibisistanbul.com\/tr\/odalarimiz\/\" \/>\n<meta property=\"og:locale\" content=\"tr_TR\" \/>\n<meta property=\"og:type\" content=\"article\" \/>\n<meta property=\"og:title\" content=\"Ibis \u0130stanbul Zeytinburnu - Odalar\u0131m\u0131z\" \/>\n<meta property=\"og:description\" content=\"\u0130bis \u0130stanbul Zeytinburnu\u2019nda \u015f\u0131k odalarda konaklay\u0131n, \u0130stanbul\u2019un tarihi ve modern noktalar\u0131na kolayca ula\u015f\u0131n.\" \/>\n<meta property=\"og:url\" content=\"https:\/\/www.ibisistanbul.com\/tr\/odalarimiz\/\" \/>\n<meta property=\"og:site_name\" content=\"Ibis \u0130stanbul Zeytinburnu\" \/>\n<meta property=\"article:modified_time\" content=\"2025-04-03T13:25:33+00:00\" \/>\n<meta name=\"twitter:card\" content=\"summary_large_image\" \/>\n<meta name=\"twitter:label1\" content=\"Tahmini okuma s\u00fcresi\" \/>\n\t<meta name=\"twitter:data1\" content=\"1 dakika\" \/>\n<script type=\"application\/ld+json\" class=\"yoast-schema-graph\">{\"@context\":\"https:\/\/schema.org\",\"@graph\":[{\"@type\":\"WebPage\",\"@id\":\"https:\/\/www.ibisistanbul.com\/tr\/odalarimiz\/\",\"url\":\"https:\/\/www.ibisistanbul.com\/tr\/odalarimiz\/\",\"name\":\"Ibis \u0130stanbul Zeytinburnu - Odalar\u0131m\u0131z\",\"isPartOf\":{\"@id\":\"https:\/\/www.ibisistanbul.com\/#website\"},\"datePublished\":\"2025-03-03T11:12:31+00:00\",\"dateModified\":\"2025-04-03T13:25:33+00:00\",\"description\":\"\u0130bis \u0130stanbul Zeytinburnu\u2019nda \u015f\u0131k odalarda konaklay\u0131n, \u0130stanbul\u2019un tarihi ve modern noktalar\u0131na kolayca ula\u015f\u0131n.\",\"breadcrumb\":{\"@id\":\"https:\/\/www.ibisistanbul.com\/tr\/odalarimiz\/#breadcrumb\"},\"inLanguage\":\"tr\",\"potentialAction\":[{\"@type\":\"ReadAction\",\"target\":[\"https:\/\/www.ibisistanbul.com\/tr\/odalarimiz\/\"]}]},{\"@type\":\"BreadcrumbList\",\"@id\":\"https:\/\/www.ibisistanbul.com\/tr\/odalarimiz\/#breadcrumb\",\"itemListElement\":[{\"@type\":\"ListItem\",\"position\":1,\"name\":\"Home\",\"item\":\"https:\/\/www.ibisistanbul.com\/tr\/\"},{\"@type\":\"ListItem\",\"position\":2,\"name\":\"Odalar\u0131m\u0131z\"}]},{\"@type\":\"WebSite\",\"@id\":\"https:\/\/www.ibisistanbul.com\/#website\",\"url\":\"https:\/\/www.ibisistanbul.com\/\",\"name\":\"Ibis Istanbul Zeytinburnu\",\"description\":\"\",\"potentialAction\":[{\"@type\":\"SearchAction\",\"target\":{\"@type\":\"EntryPoint\",\"urlTemplate\":\"https:\/\/www.ibisistanbul.com\/?s={search_term_string}\"},\"query-input\":{\"@type\":\"PropertyValueSpecification\",\"valueRequired\":true,\"valueName\":\"search_term_string\"}}],\"inLanguage\":\"tr\"}]}<\/script>\n<!-- \/ Yoast SEO plugin. -->","yoast_head_json":{"title":"Ibis \u0130stanbul Zeytinburnu - Odalar\u0131m\u0131z","description":"\u0130bis \u0130stanbul Zeytinburnu\u2019nda \u015f\u0131k odalarda konaklay\u0131n, \u0130stanbul\u2019un tarihi ve modern noktalar\u0131na kolayca ula\u015f\u0131n.","robots":{"index":"index","follow":"follow","max-snippet":"max-snippet:-1","max-image-preview":"max-image-preview:large","max-video-preview":"max-video-preview:-1"},"canonical":"https:\/\/www.ibisistanbul.com\/tr\/odalarimiz\/","og_locale":"tr_TR","og_type":"article","og_title":"Ibis \u0130stanbul Zeytinburnu - Odalar\u0131m\u0131z","og_description":"\u0130bis \u0130stanbul Zeytinburnu\u2019nda \u015f\u0131k odalarda konaklay\u0131n, \u0130stanbul\u2019un tarihi ve modern noktalar\u0131na kolayca ula\u015f\u0131n.","og_url":"https:\/\/www.ibisistanbul.com\/tr\/odalarimiz\/","og_site_name":"Ibis \u0130stanbul Zeytinburnu","article_modified_time":"2025-04-03T13:25:33+00:00","twitter_card":"summary_large_image","twitter_misc":{"Tahmini okuma s\u00fcresi":"1 dakika"},"schema":{"@context":"https:\/\/schema.org","@graph":[{"@type":"WebPage","@id":"https:\/\/www.ibisistanbul.com\/tr\/odalarimiz\/","url":"https:\/\/www.ibisistanbul.com\/tr\/odalarimiz\/","name":"Ibis \u0130stanbul Zeytinburnu - Odalar\u0131m\u0131z","isPartOf":{"@id":"https:\/\/www.ibisistanbul.com\/#website"},"datePublished":"2025-03-03T11:12:31+00:00","dateModified":"2025-04-03T13:25:33+00:00","description":"\u0130bis \u0130stanbul Zeytinburnu\u2019nda \u015f\u0131k odalarda konaklay\u0131n, \u0130stanbul\u2019un tarihi ve modern noktalar\u0131na kolayca ula\u015f\u0131n.","breadcrumb":{"@id":"https:\/\/www.ibisistanbul.com\/tr\/odalarimiz\/#breadcrumb"},"inLanguage":"tr","potentialAction":[{"@type":"ReadAction","target":["https:\/\/www.ibisistanbul.com\/tr\/odalarimiz\/"]}]},{"@type":"BreadcrumbList","@id":"https:\/\/www.ibisistanbul.com\/tr\/odalarimiz\/#breadcrumb","itemListElement":[{"@type":"ListItem","position":1,"name":"Home","item":"https:\/\/www.ibisistanbul.com\/tr\/"},{"@type":"ListItem","position":2,"name":"Odalar\u0131m\u0131z"}]},{"@type":"WebSite","@id":"https:\/\/www.ibisistanbul.com\/#website","url":"https:\/\/www.ibisistanbul.com\/","name":"Ibis Istanbul Zeytinburnu","description":"","potentialAction":[{"@type":"SearchAction","target":{"@type":"EntryPoint","urlTemplate":"https:\/\/www.ibisistanbul.com\/?s={search_term_string}"},"query-input":{"@type":"PropertyValueSpecification","valueRequired":true,"valueName":"search_term_string"}}],"inLanguage":"tr"}]}},"_links":{"self":[{"href":"https:\/\/www.ibisistanbul.com\/tr\/wp-json\/wp\/v2\/pages\/134","targetHints":{"allow":["GET"]}}],"collection":[{"href":"https:\/\/www.ibisistanbul.com\/tr\/wp-json\/wp\/v2\/pages"}],"about":[{"href":"https:\/\/www.ibisistanbul.com\/tr\/wp-json\/wp\/v2\/types\/page"}],"author":[{"embeddable":true,"href":"https:\/\/www.ibisistanbul.com\/tr\/wp-json\/wp\/v2\/users\/26"}],"replies":[{"embeddable":true,"href":"https:\/\/www.ibisistanbul.com\/tr\/wp-json\/wp\/v2\/comments?post=134"}],"version-history":[{"count":0,"href":"https:\/\/www.ibisistanbul.com\/tr\/wp-json\/wp\/v2\/pages\/134\/revisions"}],"wp:attachment":[{"href":"https:\/\/www.ibisistanbul.com\/tr\/wp-json\/wp\/v2\/media?parent=134"}],"wp:term":[{"taxonomy":"category","embeddable":true,"href":"https:\/\/www.ibisistanbul.com\/tr\/wp-json\/wp\/v2\/categories?post=134"}],"curies":[{"name":"wp","href":"https:\/\/api.w.org\/{rel}","templated":true}]}}